{"id":12,"date":"2020-11-20T20:42:27","date_gmt":"2020-11-20T19:42:27","guid":{"rendered":"http:\/\/maxima-service.eu\/detest\/?page_id=12"},"modified":"2024-03-13T21:52:25","modified_gmt":"2024-03-13T20:52:25","slug":"kontakt","status":"publish","type":"page","link":"https:\/\/maxima-service.eu\/de\/kontakt\/","title":{"rendered":"Kontakt"},"content":{"rendered":"<div class=\"wpforms-container wpforms-container-full wpforms-render-modern\" id=\"wpforms-65\"><form id=\"wpforms-form-65\" class=\"wpforms-validate wpforms-form wpforms-ajax-form\" data-formid=\"65\" method=\"post\" enctype=\"multipart\/form-data\" action=\"\/de\/wp-json\/wp\/v2\/pages\/12\" data-token=\"a56f550071348c3d67071e3d54c85544\" data-token-time=\"1776852141\"><noscript class=\"wpforms-error-noscript\">Aby wype\u0142ni\u0107 ten formularz, w\u0142\u0105cz obs\u0142ug\u0119 JavaScript w przegl\u0105darce.<\/noscript><div class=\"wpforms-hidden\" id=\"wpforms-error-noscript\">Aby wype\u0142ni\u0107 ten formularz, w\u0142\u0105cz obs\u0142ug\u0119 JavaScript w przegl\u0105darce.<\/div><div class=\"wpforms-field-container\"><div id=\"wpforms-65-field_0-container\" class=\"wpforms-field wpforms-field-name\" data-field-id=\"0\"><label class=\"wpforms-field-label\" for=\"wpforms-65-field_0\">Name und Familienname <span class=\"wpforms-required-label\" aria-hidden=\"true\">*<\/span><\/label><input type=\"text\" id=\"wpforms-65-field_0\" class=\"wpforms-field-medium wpforms-field-required\" name=\"wpforms[fields][0]\" aria-errormessage=\"wpforms-65-field_0-error\" required><\/div><div id=\"wpforms-65-field_1-container\" class=\"wpforms-field wpforms-field-email\" data-field-id=\"1\"><label class=\"wpforms-field-label\" for=\"wpforms-65-field_1\">E-mail <span class=\"wpforms-required-label\" aria-hidden=\"true\">*<\/span><\/label><input type=\"email\" id=\"wpforms-65-field_1\" class=\"wpforms-field-medium wpforms-field-required\" name=\"wpforms[fields][1]\" spellcheck=\"false\" aria-errormessage=\"wpforms-65-field_1-error\" required><\/div><div id=\"wpforms-65-field_2-container\" class=\"wpforms-field wpforms-field-textarea\" data-field-id=\"2\"><label class=\"wpforms-field-label\" for=\"wpforms-65-field_2\">Nachricht<\/label><textarea id=\"wpforms-65-field_2\" class=\"wpforms-field-medium\" name=\"wpforms[fields][2]\" aria-errormessage=\"wpforms-65-field_2-error\" ><\/textarea><\/div><\/div><!-- .wpforms-field-container --><div class=\"wpforms-submit-container\" ><input type=\"hidden\" name=\"wpforms[id]\" value=\"65\"><input type=\"hidden\" name=\"page_title\" value=\"\"><input type=\"hidden\" name=\"page_url\" value=\"https:\/\/maxima-service.eu\/de\/wp-json\/wp\/v2\/pages\/12\"><button type=\"submit\" name=\"wpforms[submit]\" id=\"wpforms-submit-65\" class=\"wpforms-submit\" data-alt-text=\"Wysy\u0142anie...\" data-submit-text=\"Senden\" aria-live=\"assertive\" value=\"wpforms-submit\">Senden<\/button><img loading=\"lazy\" decoding=\"async\" src=\"https:\/\/maxima-service.eu\/de\/wp-content\/plugins\/wpforms-lite\/assets\/images\/submit-spin.svg\" class=\"wpforms-submit-spinner\" style=\"display: none;\" width=\"26\" height=\"26\" alt=\"Wczytywanie\"><\/div><\/form><\/div>  <!-- .wpforms-container -->\n<ul>\n<li><iframe loading=\"lazy\" src=\"https:\/\/maps.google.com\/maps?q=Ok\u00f3lna 6, Gda\u0144sk, Polska, &amp;t=&amp;z=14&amp;ie=UTF8&amp;iwloc=&amp;output=embed\" width=\"400\" height=\"400\" frameborder=\"0\" marginwidth=\"0\" marginheight=\"0\" scrolling=\"no\"><br \/>\n<a class=\"addmaps\" href=\"http:\/\/wordpress-themes.org\" id=\"get-map-data\" mce_href=\"http:\/\/maps.google.com\/maps\/\">Ok\u00f3lna 6, Gda\u0144sk, Polska, <\/a><\/p>\n<style>#gmap_canvas img{max-width:none!important;background:none!important}<\/style>\n<p>&nbsp;<\/p>\n<p>&nbsp;<\/p>\n<p>&nbsp;<\/p>\n<p><\/iframe><\/li>\n<\/ul>\n","protected":false},"excerpt":{"rendered":"<p>Ok\u00f3lna 6, Gda\u0144sk, Polska, &nbsp; &nbsp; &nbsp;<\/p>\n","protected":false},"author":1,"featured_media":25,"parent":0,"menu_order":0,"comment_status":"closed","ping_status":"closed","template":"","meta":{"footnotes":""},"_links":{"self":[{"href":"https:\/\/maxima-service.eu\/de\/wp-json\/wp\/v2\/pages\/12"}],"collection":[{"href":"https:\/\/maxima-service.eu\/de\/wp-json\/wp\/v2\/pages"}],"about":[{"href":"https:\/\/maxima-service.eu\/de\/wp-json\/wp\/v2\/types\/page"}],"author":[{"embeddable":true,"href":"https:\/\/maxima-service.eu\/de\/wp-json\/wp\/v2\/users\/1"}],"replies":[{"embeddable":true,"href":"https:\/\/maxima-service.eu\/de\/wp-json\/wp\/v2\/comments?post=12"}],"version-history":[{"count":4,"href":"https:\/\/maxima-service.eu\/de\/wp-json\/wp\/v2\/pages\/12\/revisions"}],"predecessor-version":[{"id":70,"href":"https:\/\/maxima-service.eu\/de\/wp-json\/wp\/v2\/pages\/12\/revisions\/70"}],"wp:featuredmedia":[{"embeddable":true,"href":"https:\/\/maxima-service.eu\/de\/wp-json\/wp\/v2\/media\/25"}],"wp:attachment":[{"href":"https:\/\/maxima-service.eu\/de\/wp-json\/wp\/v2\/media?parent=12"}],"curies":[{"name":"wp","href":"https:\/\/api.w.org\/{rel}","templated":true}]}}