{"id":5,"date":"2020-11-20T20:39:50","date_gmt":"2020-11-20T19:39:50","guid":{"rendered":"http:\/\/maxima-service.eu\/detest\/?page_id=5"},"modified":"2020-11-22T18:44:02","modified_gmt":"2020-11-22T17:44:02","slug":"uber-uns","status":"publish","type":"page","link":"https:\/\/maxima-service.eu\/de\/","title":{"rendered":"\u00dcber Uns"},"content":{"rendered":"<p>Firma Maxima spezialisiert sich auf Reparatur und Instandhaltung der Hochdruckmotoren mit verschiedenen Kraft und Bestimmung..<\/p>\n<p>Sie wurde in 2009 gegr\u00fcndet und ihr Inhabers sind Jan Kyrcz und Krzysztof Kustosz, die langj\u00e4hrige Erfahrung in Reparatur der Hochdruckmotoren und Montage der Antriebssysteme von Wasserfahrzeuge haben. Ihre Berufserfahrung sammelten sie w\u00e4hrend der Arbeit in den Reparaturwerften und Reparaturservice auf der ganzen Welt. Dadurch sch\u00e4tzen sie die Bedeutung sowohl des theoretischen als auch praktischen Wissen, daher sie gro\u00dfe Anforderungen stellen. Die Leute bildende diese Firma liegen den gro\u00dfe Wert auf Selbstentfaltung, Verbreiterung des Wissen und F\u00e4higkeiten. Ihre Mitarbeitern nehmen regelm\u00e4\u00dfig an die Schulungen teil und erringen neue Berechtigungen.<\/p>\n<p>Zum Ziel der Aufrechterhaltung der hohe Qualit\u00e4t ihrer Leistungen, in 2010 f\u00fchrte man ein das Qualit\u00e4tsmanagementsystem ISO 9001:2008, das mit dem DEKRA Zertifikat best\u00e4tigt wurde.<\/p>\n<p>Maxima entwickelt sich unaufh\u00f6rlich, erweitert ihr Gesch\u00e4ftsbereich und technisch-methodische Hilfe. Alle Investitionen haben als Ziel die Garantierung ihrer Kunden die hohe Leistungsqualit\u00e4t.<\/p>\n","protected":false},"excerpt":{"rendered":"<p>Firma Maxima spezialisiert sich auf Reparatur und Instandhaltung der Hochdruckmotoren mit verschiedenen Kraft und Bestimmung.. Sie wurde in 2009 gegr\u00fcndet und ihr Inhabers sind Jan Kyrcz und Krzysztof Kustosz, die langj\u00e4hrige Erfahrung in Reparatur der Hochdruckmotoren und Montage der Antriebssysteme &hellip; <\/p>\n","protected":false},"author":1,"featured_media":37,"parent":0,"menu_order":0,"comment_status":"closed","ping_status":"closed","template":"","meta":{"footnotes":""},"_links":{"self":[{"href":"https:\/\/maxima-service.eu\/de\/wp-json\/wp\/v2\/pages\/5"}],"collection":[{"href":"https:\/\/maxima-service.eu\/de\/wp-json\/wp\/v2\/pages"}],"about":[{"href":"https:\/\/maxima-service.eu\/de\/wp-json\/wp\/v2\/types\/page"}],"author":[{"embeddable":true,"href":"https:\/\/maxima-service.eu\/de\/wp-json\/wp\/v2\/users\/1"}],"replies":[{"embeddable":true,"href":"https:\/\/maxima-service.eu\/de\/wp-json\/wp\/v2\/comments?post=5"}],"version-history":[{"count":1,"href":"https:\/\/maxima-service.eu\/de\/wp-json\/wp\/v2\/pages\/5\/revisions"}],"predecessor-version":[{"id":6,"href":"https:\/\/maxima-service.eu\/de\/wp-json\/wp\/v2\/pages\/5\/revisions\/6"}],"wp:featuredmedia":[{"embeddable":true,"href":"https:\/\/maxima-service.eu\/de\/wp-json\/wp\/v2\/media\/37"}],"wp:attachment":[{"href":"https:\/\/maxima-service.eu\/de\/wp-json\/wp\/v2\/media?parent=5"}],"curies":[{"name":"wp","href":"https:\/\/api.w.org\/{rel}","templated":true}]}}