{"id":8,"date":"2020-11-20T20:41:00","date_gmt":"2020-11-20T19:41:00","guid":{"rendered":"http:\/\/maxima-service.eu\/detest\/?page_id=8"},"modified":"2020-11-22T19:16:15","modified_gmt":"2020-11-22T18:16:15","slug":"projekte","status":"publish","type":"page","link":"https:\/\/maxima-service.eu\/de\/projekte\/","title":{"rendered":"Projekte"},"content":{"rendered":"<p>Maxima realisiert zyklische Projekte, die umfassen:<\/p>\n<ul>\n<li>Periodische Reparaturen von Verbrennungsmotoren M5, M4 der Lokomotiven der MTU-Baureihe 4000 der Baureihen BR285 und ST45<\/li>\n<li>Inspektionen, regelm\u00e4\u00dfige, Audit- und Notfallreparaturen von CATERPILLAR C27- und 3512-Dieselmotoren der Lokomotiven der Serien 6Dg und 15D<\/li>\n<li>Gr\u00f6\u00dfere Reparaturen von Dieselmotoren der Serie SM8 a8c22<\/li>\n<li>Gr\u00f6\u00dfere Reparaturen von 12LDA28-Verbrennungsmotoren der Lokomotiven der Baureihe ST43<\/li>\n<li>Gr\u00f6\u00dfere Reparaturen von 12CzN26 \/ 26, 5-26DG -Verbrennungsmotoren der Lokomotiven der Baureihen M62ko und ST44ko<\/li>\n<li>Gr\u00f6\u00dfere Reparaturen von 5D49-Verbrennungsmotoren der Lokomotiven der Baureihe BR232<\/li>\n<li>Gr\u00f6\u00dfere Reparaturen von 12D49M-Verbrennungsmotoren der Lokomotiven der Baureihe BR233<\/li>\n<li>Inspektionen P1, P2, P3 und aktuelle Reparaturen von Lokomotiven der Baureihe: BR285, 6Dg, 6Di, 15D, 16D, SM42, SM48, ST43, M62, BR232, 131, 141, 181, 182, 183, 186, 483, ET22, ET21, EU07, DE6400, Klasse 66<\/li>\n<li>Wiederaufbau von Diesellokomotiven nach Br\u00e4nden<\/li>\n<li>Regeneration von Luftkompressoren, Kompressoren, Zahnr\u00e4dern, Pumpen, Turboladern<\/li>\n<li>Leistungsregelung von Diesellokomotiven an einem Wasserwiderstand<\/li>\n<li>Umfassender Service erbrachte Dienstleistungen<\/li>\n<li>Und viele mehr &#8230;<\/li>\n<\/ul>\n","protected":false},"excerpt":{"rendered":"<p>Maxima realisiert zyklische Projekte, die umfassen: Periodische Reparaturen von Verbrennungsmotoren M5, M4 der Lokomotiven der MTU-Baureihe 4000 der Baureihen BR285 und ST45 Inspektionen, regelm\u00e4\u00dfige, Audit- und Notfallreparaturen von CATERPILLAR C27- und 3512-Dieselmotoren der Lokomotiven der Serien 6Dg und 15D Gr\u00f6\u00dfere &hellip; <\/p>\n","protected":false},"author":1,"featured_media":30,"parent":0,"menu_order":0,"comment_status":"closed","ping_status":"closed","template":"","meta":{"footnotes":""},"_links":{"self":[{"href":"https:\/\/maxima-service.eu\/de\/wp-json\/wp\/v2\/pages\/8"}],"collection":[{"href":"https:\/\/maxima-service.eu\/de\/wp-json\/wp\/v2\/pages"}],"about":[{"href":"https:\/\/maxima-service.eu\/de\/wp-json\/wp\/v2\/types\/page"}],"author":[{"embeddable":true,"href":"https:\/\/maxima-service.eu\/de\/wp-json\/wp\/v2\/users\/1"}],"replies":[{"embeddable":true,"href":"https:\/\/maxima-service.eu\/de\/wp-json\/wp\/v2\/comments?post=8"}],"version-history":[{"count":2,"href":"https:\/\/maxima-service.eu\/de\/wp-json\/wp\/v2\/pages\/8\/revisions"}],"predecessor-version":[{"id":63,"href":"https:\/\/maxima-service.eu\/de\/wp-json\/wp\/v2\/pages\/8\/revisions\/63"}],"wp:featuredmedia":[{"embeddable":true,"href":"https:\/\/maxima-service.eu\/de\/wp-json\/wp\/v2\/media\/30"}],"wp:attachment":[{"href":"https:\/\/maxima-service.eu\/de\/wp-json\/wp\/v2\/media?parent=8"}],"curies":[{"name":"wp","href":"https:\/\/api.w.org\/{rel}","templated":true}]}}